{"id":7406,"date":"2025-01-30T15:29:45","date_gmt":"2025-01-30T11:59:45","guid":{"rendered":"https:\/\/shivafiber.com\/turkish\/?page_id=7406"},"modified":"2025-01-30T15:30:55","modified_gmt":"2025-01-30T12:00:55","slug":"hakkimizda","status":"publish","type":"page","link":"https:\/\/shivafiber.com\/turkish\/hakkimizda\/","title":{"rendered":"Hakk\u0131m\u0131zda"},"content":{"rendered":"\t\t<div data-elementor-type=\"wp-page\" data-elementor-id=\"7406\" class=\"elementor elementor-7406\" data-elementor-post-type=\"page\">\n\t\t\t\t<div class=\"elementor-element elementor-element-4a7a5c2e e-flex e-con-boxed e-con e-parent\" data-id=\"4a7a5c2e\" data-element_type=\"container\">\n\t\t\t\t\t<div class=\"e-con-inner\">\n\t\t\t\t<div class=\"elementor-element elementor-element-32e5a024 elementor-widget elementor-widget-text-editor\" data-id=\"32e5a024\" data-element_type=\"widget\" data-widget_type=\"text-editor.default\">\n\t\t\t\t<div class=\"elementor-widget-container\">\n\t\t\t<style>\/*! elementor - v3.21.0 - 26-05-2024 *\/\n.elementor-widget-text-editor.elementor-drop-cap-view-stacked .elementor-drop-cap{background-color:#69727d;color:#fff}.elementor-widget-text-editor.elementor-drop-cap-view-framed .elementor-drop-cap{color:#69727d;border:3px solid;background-color:transparent}.elementor-widget-text-editor:not(.elementor-drop-cap-view-default) .elementor-drop-cap{margin-top:8px}.elementor-widget-text-editor:not(.elementor-drop-cap-view-default) .elementor-drop-cap-letter{width:1em;height:1em}.elementor-widget-text-editor .elementor-drop-cap{float:left;text-align:center;line-height:1;font-size:50px}.elementor-widget-text-editor .elementor-drop-cap-letter{display:inline-block}<\/style>\t\t\t\t<p><img fetchpriority=\"high\" decoding=\"async\" class=\"aligncenter wp-image-7407 size-full\" src=\"https:\/\/shivafiber.com\/turkish\/wp-content\/uploads\/2025\/01\/EN.jpg\" alt=\"\" width=\"2000\" height=\"779\" srcset=\"https:\/\/shivafiber.com\/turkish\/wp-content\/uploads\/2025\/01\/EN.jpg 2000w, https:\/\/shivafiber.com\/turkish\/wp-content\/uploads\/2025\/01\/EN-600x234.jpg 600w, https:\/\/shivafiber.com\/turkish\/wp-content\/uploads\/2025\/01\/EN-1024x399.jpg 1024w, https:\/\/shivafiber.com\/turkish\/wp-content\/uploads\/2025\/01\/EN-768x299.jpg 768w, https:\/\/shivafiber.com\/turkish\/wp-content\/uploads\/2025\/01\/EN-1536x598.jpg 1536w\" sizes=\"(max-width: 2000px) 100vw, 2000px\" \/><\/p><p style=\"text-align: left;\">Elyaf Shiva, polyester elyaf, sentetik elyaf ve hijyenik air-through bonding katmanlar\u0131 \u00fcretiminde \u00f6nc\u00fc bir yenilik\u00e7i firmad\u0131r. M\u00fc\u015fterilerimizin \u00e7e\u015fitli ihtiya\u00e7lar\u0131na cevap verebilmek i\u00e7in y\u00fcksek kaliteli ve yenilik\u00e7i \u00fcr\u00fcnler sunmay\u0131 taahh\u00fct ediyoruz. Teknik ve bilimsel uzmanl\u0131\u011f\u0131m\u0131z ile kaliteye olan ba\u011fl\u0131l\u0131\u011f\u0131m\u0131z sayesinde, Elyaf Shiva, bu alanda g\u00fcvenilir bir marka haline gelmi\u015f ve hem yerel hem de uluslararas\u0131 pazarlarda g\u00fc\u00e7l\u00fc bir varl\u0131k g\u00f6stermektedir.<\/p><p style=\"text-align: left;\">Geli\u015fmi\u015f \u00fcretim tesisimiz, ayl\u0131k 4600 tondan fazla sentetik elyaf \u00fcretim kapasitesine sahiptir. Elyaf Shiva olarak, hollow elyaf, \u00e7ift bile\u015fenli (LMF) elyaf, ES elyaf ve hijyenik katmanlar gibi \u00e7e\u015fitli \u00fcr\u00fcnlerin \u00fcretiminde uzman\u0131z. Son teknoloji geli\u015ftirmelerimiz sayesinde, end\u00fcstriyel standartlarla uyumlu, g\u00fcvenilir, geni\u015f kullan\u0131m alan\u0131na sahip ve \u00e7evre dostu \u00fcr\u00fcnler sunmaktay\u0131z.<\/p><h3>\u00a0<\/h3><h3 style=\"text-align: left;\"><span style=\"font-size: 16px;\"><strong>Hijyenik \u00dcr\u00fcnlerimiz<\/strong><\/span><\/h3><p style=\"text-align: left;\">Kalite ve yenilik konusundaki taahh\u00fcd\u00fcm\u00fcz, en y\u00fcksek hijyen ve uluslararas\u0131 standartlara uygun \u015fekilde geli\u015ftirilmi\u015f geni\u015f hijyenik \u00fcr\u00fcn yelpazemizde a\u00e7\u0131k\u00e7a g\u00f6r\u00fclmektedir.<\/p><p>\u00a0<\/p><ul style=\"text-align: left;\"><li><p style=\"direction: ltr;\"><strong>ES Elyaf (\u00c7ift Bile\u015fenli)<\/strong><\/p><p style=\"direction: ltr;\">Polipropilen (PP) ve Polietilen (PE) kombinasyonu ile \u00fcretilen ES elyaf, hijyenik uygulamalarda y\u00fcksek ba\u011flanma performans\u0131 sunmak i\u00e7in tasarlanm\u0131\u015ft\u0131r. Yumu\u015fak ve dayan\u0131kl\u0131 nonwoven kuma\u015flar i\u00e7in ideal olan bu elyaf, bebek bezleri, kad\u0131n hijyen \u00fcr\u00fcnleri ve inkontinans bak\u0131m \u00fcr\u00fcnleri gibi ciltle temas eden uygulamalar i\u00e7in m\u00fckemmel bir se\u00e7enektir.<\/p><\/li><li><p style=\"direction: ltr;\"><strong>ATB Nonwoven Kuma\u015flar<\/strong><\/p><p style=\"direction: ltr;\">Geli\u015fmi\u015f air-through bonding teknikleriyle \u00fcretilen bu nonwoven kuma\u015flar, ola\u011fan\u00fcst\u00fc yumu\u015fakl\u0131k ve nefes alabilirlik sa\u011flar. \u00d6zellikle ADL gibi s\u0131v\u0131 emici katmanlar, hijyen \u00fcr\u00fcnlerinde kullan\u0131c\u0131 konforunu art\u0131rmaktad\u0131r.<\/p><p style=\"direction: ltr;\">\u00a0<\/p><\/li><li><p style=\"direction: ltr;\"><strong>\u00dcr\u00fcn \u00c7e\u015fitlerimiz<\/strong><\/p><ul><li><p style=\"direction: ltr;\"><strong>ADL (Emici ve Da\u011f\u0131t\u0131c\u0131 Katman)<\/strong><\/p><p style=\"direction: ltr;\">S\u0131v\u0131y\u0131 emici \u00e7ekirde\u011fe e\u015fit \u015fekilde da\u011f\u0131tarak s\u0131z\u0131nt\u0131y\u0131 \u00f6nleyen ve emilimi art\u0131ran bu katman, \u00f6zellikle bebek bezleri ve yeti\u015fkin bak\u0131m \u00fcr\u00fcnlerinde b\u00fcy\u00fck \u00f6nem ta\u015f\u0131r.<\/p><\/li><li><p style=\"direction: ltr;\"><strong>Top-Sheet (\u00dcst Katman)<\/strong><\/p><p style=\"direction: ltr;\">Ciltle do\u011frudan temas eden bu katman, ola\u011fan\u00fcst\u00fc yumu\u015fakl\u0131k ve nefes alabilirlik sunarak konfor sa\u011flar ve cilt tahri\u015fini \u00f6nler. Bebek, kad\u0131n ve yeti\u015fkin hijyen \u00fcr\u00fcnlerinde kullan\u0131lmaktad\u0131r.<\/p><\/li><li><p style=\"direction: ltr;\"><strong>Back-Sheet (Alt Katman)<\/strong><\/p><p style=\"direction: ltr;\">G\u00fc\u00e7l\u00fc bir s\u0131v\u0131 bariyeri olu\u015ftururken nefes alabilirli\u011fi koruyarak \u00fcr\u00fcnlerin s\u0131zd\u0131rmaz ve konforlu olmas\u0131n\u0131 sa\u011flar.<\/p><\/li><\/ul><\/li><\/ul><h3 style=\"text-align: left;\"><span style=\"font-size: 16px;\"><strong>Misyonumuz<\/strong><\/span><\/h3><p style=\"text-align: left;\">Elyaf Shiva olarak misyonumuz, s\u00fcrd\u00fcr\u00fclebilir ve y\u00fcksek performansl\u0131 \u00fcr\u00fcnler sunarak tekstil end\u00fcstrisinde yenili\u011fi ileriye ta\u015f\u0131makt\u0131r. S\u00fcrekli olarak s\u00fcre\u00e7lerimizi iyile\u015ftirmeye ve k\u00fcresel m\u00fc\u015fterilerimizin b\u00fcy\u00fcyen ihtiya\u00e7lar\u0131n\u0131 kar\u015f\u0131lamak i\u00e7in yeteneklerimizi geni\u015fletmeye kararl\u0131y\u0131z.<\/p><h3 style=\"text-align: left;\"><span style=\"font-size: 16px;\"><strong>Ba\u015far\u0131lar\u0131m\u0131z<\/strong><\/span><\/h3><p style=\"text-align: left;\">\u0130ran&#8217;\u0131n \u00f6nde gelen milli ihracat\u00e7\u0131lar\u0131ndan biri olarak tan\u0131nmaktan gurur duyuyoruz. Bu ba\u015far\u0131, kaliteye, m\u00fc\u015fteri memnuniyetine ve sekt\u00f6rde liderli\u011fe olan ba\u011fl\u0131l\u0131\u011f\u0131m\u0131z\u0131n bir g\u00f6stergesidir. D\u00fczenli olarak \u00f6nemli end\u00fcstri fuarlar\u0131na ve etkinliklerine kat\u0131l\u0131m\u0131m\u0131z, m\u00fckemmeliyete olan ba\u011fl\u0131l\u0131\u011f\u0131m\u0131z\u0131 daha da vurgulamaktad\u0131r.<\/p><p style=\"text-align: left;\">Elyaf Shiva\u2019y\u0131 tercih etti\u011finiz i\u00e7in te\u015fekk\u00fcr ederiz. Sizlere y\u00fcksek kaliteli \u00fcr\u00fcnler ve \u00fcst\u00fcn hizmet sunmaya devam etmek i\u00e7in sab\u0131rs\u0131zlan\u0131yoruz.<\/p>\t\t\t\t\t\t<\/div>\n\t\t\t\t<\/div>\n\t\t\t\t\t<\/div>\n\t\t\t\t<\/div>\n\t\t\t\t<\/div>\n\t\t","protected":false},"excerpt":{"rendered":"<p>Elyaf Shiva, polyester elyaf, sentetik elyaf ve hijyenik air-through bonding katmanlar\u0131 \u00fcretiminde \u00f6nc\u00fc bir yenilik\u00e7i firmad\u0131r. M\u00fc\u015fterilerimizin \u00e7e\u015fitli ihtiya\u00e7lar\u0131na cevap verebilmek i\u00e7in y\u00fcksek kaliteli ve yenilik\u00e7i \u00fcr\u00fcnler sunmay\u0131 taahh\u00fct ediyoruz. Teknik ve bilimsel uzmanl\u0131\u011f\u0131m\u0131z ile kaliteye olan ba\u011fl\u0131l\u0131\u011f\u0131m\u0131z sayesinde, Elyaf Shiva, bu alanda g\u00fcvenilir bir marka haline gelmi\u015f ve hem yerel hem de uluslararas\u0131 pazarlarda [&hellip;]<\/p>\n","protected":false},"author":1,"featured_media":0,"parent":0,"menu_order":0,"comment_status":"closed","ping_status":"closed","template":"","meta":{"footnotes":""},"class_list":["post-7406","page","type-page","status-publish","hentry"],"_links":{"self":[{"href":"https:\/\/shivafiber.com\/turkish\/wp-json\/wp\/v2\/pages\/7406","targetHints":{"allow":["GET"]}}],"collection":[{"href":"https:\/\/shivafiber.com\/turkish\/wp-json\/wp\/v2\/pages"}],"about":[{"href":"https:\/\/shivafiber.com\/turkish\/wp-json\/wp\/v2\/types\/page"}],"author":[{"embeddable":true,"href":"https:\/\/shivafiber.com\/turkish\/wp-json\/wp\/v2\/users\/1"}],"replies":[{"embeddable":true,"href":"https:\/\/shivafiber.com\/turkish\/wp-json\/wp\/v2\/comments?post=7406"}],"version-history":[{"count":4,"href":"https:\/\/shivafiber.com\/turkish\/wp-json\/wp\/v2\/pages\/7406\/revisions"}],"predecessor-version":[{"id":7412,"href":"https:\/\/shivafiber.com\/turkish\/wp-json\/wp\/v2\/pages\/7406\/revisions\/7412"}],"wp:attachment":[{"href":"https:\/\/shivafiber.com\/turkish\/wp-json\/wp\/v2\/media?parent=7406"}],"curies":[{"name":"wp","href":"https:\/\/api.w.org\/{rel}","templated":true}]}}